{"id":118,"date":"2017-06-25T22:10:54","date_gmt":"2017-06-25T22:10:54","guid":{"rendered":"http:\/\/finisterre.lasalle.es\/?page_id=118"},"modified":"2024-05-01T16:27:44","modified_gmt":"2024-05-01T16:27:44","slug":"hogar-boanoite","status":"publish","type":"page","link":"https:\/\/finisterre.lasalle.es\/?page_id=118","title":{"rendered":"Hogar BoaNoite"},"content":{"rendered":"<table style=\"height: 361px;\">\n<tbody>\n<tr style=\"height: 20px;\">\n<td style=\"height: 20px;\">Nombre:<\/td>\n<td style=\"height: 20px;\"><strong>Hogar BoaNoite<\/strong><\/td>\n<\/tr>\n<tr style=\"height: 20px;\">\n<td style=\"height: 20px;\">Lugar:<\/td>\n<td style=\"height: 20px;\">A Coru\u00f1a. 5 participantes y 1 animador\/a<\/td>\n<\/tr>\n<tr style=\"height: 260px;\">\n<td style=\"height: 260px;\">Objetivo:<\/td>\n<td style=\"height: 260px;\">\n<p><em>Convivencia en formato familiar con personas sin hogar y en riesgo social. <\/em>Proyecto creado por j\u00f3venes de una parroquia para dar respuesta a personas sin hogar.<\/p>\n<p>Colaboraci\u00f3n con voluntarios, ronda nocturna de atenci\u00f3n a transe\u00fantes, convivencia en la casa con personas en exclusi\u00f3n.<\/p>\n<p>Atenci\u00f3n a ancianos que viven solos.<\/p>\n<p>Contacto con j\u00f3venes de la parroquia de Franciscanos.<\/p>\n<p>Preparar alguna comida en el grupo.<\/td>\n<\/tr>\n<tr style=\"height: 20px;\">\n<td style=\"height: 20px;\">Organizan:<\/td>\n<td style=\"height: 20px;\">Franciscanos de A Coru\u00f1a.<\/td>\n<\/tr>\n<tr style=\"height: 41px;\">\n<td style=\"height: 41px;\">M\u00e1s informaci\u00f3n:<\/td>\n<td style=\"height: 41px;\"><a href=\"http:\/\/www.boanoite.es\/\">http:\/\/www.boanoite.es\/<\/a><\/td>\n<\/tr>\n<\/tbody>\n<\/table>\n<h4>Galer\u00eda de im\u00e1genes<\/h4>\n<div id='gallery-1' class='gallery galleryid-118 gallery-columns-3 gallery-size-thumbnail'><figure class='gallery-item'>\n\t\t\t<div class='gallery-icon landscape'>\n\t\t\t\t<a href='https:\/\/finisterre.lasalle.es\/wp-content\/uploads\/2017\/06\/BoanoiteSantiago.jpg'><img loading=\"lazy\" decoding=\"async\" width=\"150\" height=\"150\" src=\"https:\/\/finisterre.lasalle.es\/wp-content\/uploads\/2017\/06\/BoanoiteSantiago-150x150.jpg\" class=\"attachment-thumbnail size-thumbnail\" alt=\"\" srcset=\"https:\/\/finisterre.lasalle.es\/wp-content\/uploads\/2017\/06\/BoanoiteSantiago-150x150.jpg 150w, https:\/\/finisterre.lasalle.es\/wp-content\/uploads\/2017\/06\/BoanoiteSantiago-100x100.jpg 100w\" sizes=\"auto, 100vw\" \/><\/a>\n\t\t\t<\/div><\/figure><figure class='gallery-item'>\n\t\t\t<div class='gallery-icon landscape'>\n\t\t\t\t<a href='https:\/\/finisterre.lasalle.es\/wp-content\/uploads\/2017\/06\/IMG_4078.jpg'><img loading=\"lazy\" decoding=\"async\" width=\"150\" height=\"150\" src=\"https:\/\/finisterre.lasalle.es\/wp-content\/uploads\/2017\/06\/IMG_4078-150x150.jpg\" class=\"attachment-thumbnail size-thumbnail\" alt=\"\" srcset=\"https:\/\/finisterre.lasalle.es\/wp-content\/uploads\/2017\/06\/IMG_4078-150x150.jpg 150w, https:\/\/finisterre.lasalle.es\/wp-content\/uploads\/2017\/06\/IMG_4078-100x100.jpg 100w\" sizes=\"auto, 100vw\" \/><\/a>\n\t\t\t<\/div><\/figure><figure class='gallery-item'>\n\t\t\t<div class='gallery-icon landscape'>\n\t\t\t\t<a href='https:\/\/finisterre.lasalle.es\/wp-content\/uploads\/2017\/06\/IMG_4079.jpg'><img loading=\"lazy\" decoding=\"async\" width=\"150\" height=\"150\" src=\"https:\/\/finisterre.lasalle.es\/wp-content\/uploads\/2017\/06\/IMG_4079-150x150.jpg\" class=\"attachment-thumbnail size-thumbnail\" alt=\"\" srcset=\"https:\/\/finisterre.lasalle.es\/wp-content\/uploads\/2017\/06\/IMG_4079-150x150.jpg 150w, https:\/\/finisterre.lasalle.es\/wp-content\/uploads\/2017\/06\/IMG_4079-100x100.jpg 100w\" sizes=\"auto, 100vw\" \/><\/a>\n\t\t\t<\/div><\/figure>\n\t\t<\/div>\n\n<h4>Localizaci\u00f3n<\/h4>\n<p><iframe loading=\"lazy\" style=\"border: 0;\" src=\"https:\/\/www.google.com\/maps\/embed?pb=!1m18!1m12!1m3!1d2900.132375536979!2d-8.423091884511297!3d43.37425607913189!2m3!1f0!2f0!3f0!3m2!1i1024!2i768!4f13.1!3m3!1m2!1s0x0%3A0x0!2zNDPCsDIyJzI3LjMiTiA4wrAyNScxNS4yIlc!5e0!3m2!1ses!2sus!4v1498430576708\" width=\"600\" height=\"450\" frameborder=\"0\" allowfullscreen=\"allowfullscreen\"><\/iframe><\/p>\n","protected":false},"excerpt":{"rendered":"<p>Nombre: Hogar BoaNoite Lugar: A Coru\u00f1a. 5 participantes y 1 animador\/a Objetivo: Convivencia en formato familiar con personas sin hogar y en riesgo social. Proyecto creado por j\u00f3venes de una parroquia para dar respuesta a personas sin hogar. Colaboraci\u00f3n con voluntarios, ronda nocturna de atenci\u00f3n a transe\u00fantes, convivencia en la casa con personas en exclusi\u00f3n. &hellip; <\/p>\n<p class=\"link-more\"><a href=\"https:\/\/finisterre.lasalle.es\/?page_id=118\" class=\"more-link\">Continuar leyendo<span class=\"screen-reader-text\"> \u00abHogar BoaNoite\u00bb<\/span><\/a><\/p>\n","protected":false},"author":2,"featured_media":137,"parent":91,"menu_order":0,"comment_status":"closed","ping_status":"closed","template":"","meta":{"footnotes":""},"class_list":["post-118","page","type-page","status-publish","has-post-thumbnail","hentry"],"_links":{"self":[{"href":"https:\/\/finisterre.lasalle.es\/index.php?rest_route=\/wp\/v2\/pages\/118","targetHints":{"allow":["GET"]}}],"collection":[{"href":"https:\/\/finisterre.lasalle.es\/index.php?rest_route=\/wp\/v2\/pages"}],"about":[{"href":"https:\/\/finisterre.lasalle.es\/index.php?rest_route=\/wp\/v2\/types\/page"}],"author":[{"embeddable":true,"href":"https:\/\/finisterre.lasalle.es\/index.php?rest_route=\/wp\/v2\/users\/2"}],"replies":[{"embeddable":true,"href":"https:\/\/finisterre.lasalle.es\/index.php?rest_route=%2Fwp%2Fv2%2Fcomments&post=118"}],"version-history":[{"count":25,"href":"https:\/\/finisterre.lasalle.es\/index.php?rest_route=\/wp\/v2\/pages\/118\/revisions"}],"predecessor-version":[{"id":1319,"href":"https:\/\/finisterre.lasalle.es\/index.php?rest_route=\/wp\/v2\/pages\/118\/revisions\/1319"}],"up":[{"embeddable":true,"href":"https:\/\/finisterre.lasalle.es\/index.php?rest_route=\/wp\/v2\/pages\/91"}],"wp:featuredmedia":[{"embeddable":true,"href":"https:\/\/finisterre.lasalle.es\/index.php?rest_route=\/wp\/v2\/media\/137"}],"wp:attachment":[{"href":"https:\/\/finisterre.lasalle.es\/index.php?rest_route=%2Fwp%2Fv2%2Fmedia&parent=118"}],"curies":[{"name":"wp","href":"https:\/\/api.w.org\/{rel}","templated":true}]}}