{"id":124,"date":"2017-06-25T22:12:12","date_gmt":"2017-06-25T22:12:12","guid":{"rendered":"http:\/\/finisterre.lasalle.es\/?page_id=124"},"modified":"2024-05-01T16:18:00","modified_gmt":"2024-05-01T16:18:00","slug":"acogida-en-el-camino-arzua","status":"publish","type":"page","link":"https:\/\/finisterre.lasalle.es\/?page_id=124","title":{"rendered":"Acogida en el Camino (Arz\u00faa)"},"content":{"rendered":"<table>\n<tbody>\n<tr>\n<td>Nombre:<\/td>\n<td><strong>Acogida cristiana en el Camino<\/strong><\/td>\n<\/tr>\n<tr>\n<td>Lugar:<\/td>\n<td>Arz\u00faa (A Coru\u00f1a). 6 participantes y 1 animador\/a<\/td>\n<\/tr>\n<tr>\n<td>Objetivo:<\/td>\n<td>\n<p><em>Proyecto de evangelizaci\u00f3n: acogida a los peregrinos del Camino de Santiago: atenci\u00f3n humana y cristiana.<\/em>Presencia a primera hora de la ma\u00f1ana en el camino de Santiago con un puesto de acogida y acompa\u00f1amiento de los peregrinos.<\/p>\n<p>Por la tarde y el domingo actividades en las parroquias con los peregrinos: oraci\u00f3n y celebraciones.<\/p>\n<p>Por turnos, durante dos tardes, voluntariado en la oficina del peregrino de Santiago de Compostela.<\/td>\n<\/tr>\n<tr>\n<td>Organizan:<\/td>\n<td>Hijas de Santa Mar\u00eda de la Providencia (guanelianas).<\/td>\n<\/tr>\n<tr>\n<td>M\u00e1s informaci\u00f3n:<\/td>\n<td><a href=\"http:\/\/www.guanella-camino.org\">http:\/\/www.guanella-camino.org<\/a><br \/>\n<a href=\"http:\/\/www.acogidacristianaenelcamino.es\">http:\/\/www.acogidacristianaenelcamino.es<\/a><\/td>\n<\/tr>\n<\/tbody>\n<\/table>\n<h4>Galer\u00eda de im\u00e1genes<\/h4>\n<div id='gallery-1' class='gallery galleryid-124 gallery-columns-3 gallery-size-thumbnail'><figure class='gallery-item'>\n\t\t\t<div class='gallery-icon landscape'>\n\t\t\t\t<a href='https:\/\/finisterre.lasalle.es\/wp-content\/uploads\/2017\/06\/IMG_4028.jpg'><img loading=\"lazy\" decoding=\"async\" width=\"150\" height=\"150\" src=\"https:\/\/finisterre.lasalle.es\/wp-content\/uploads\/2017\/06\/IMG_4028-150x150.jpg\" class=\"attachment-thumbnail size-thumbnail\" alt=\"\" srcset=\"https:\/\/finisterre.lasalle.es\/wp-content\/uploads\/2017\/06\/IMG_4028-150x150.jpg 150w, https:\/\/finisterre.lasalle.es\/wp-content\/uploads\/2017\/06\/IMG_4028-100x100.jpg 100w\" sizes=\"auto, 100vw\" \/><\/a>\n\t\t\t<\/div><\/figure><figure class='gallery-item'>\n\t\t\t<div class='gallery-icon landscape'>\n\t\t\t\t<a href='https:\/\/finisterre.lasalle.es\/wp-content\/uploads\/2017\/06\/IMG_4029.jpg'><img loading=\"lazy\" decoding=\"async\" width=\"150\" height=\"150\" src=\"https:\/\/finisterre.lasalle.es\/wp-content\/uploads\/2017\/06\/IMG_4029-150x150.jpg\" class=\"attachment-thumbnail size-thumbnail\" alt=\"\" srcset=\"https:\/\/finisterre.lasalle.es\/wp-content\/uploads\/2017\/06\/IMG_4029-150x150.jpg 150w, https:\/\/finisterre.lasalle.es\/wp-content\/uploads\/2017\/06\/IMG_4029-100x100.jpg 100w\" sizes=\"auto, 100vw\" \/><\/a>\n\t\t\t<\/div><\/figure><figure class='gallery-item'>\n\t\t\t<div class='gallery-icon landscape'>\n\t\t\t\t<a href='https:\/\/finisterre.lasalle.es\/wp-content\/uploads\/2017\/06\/CqocDUmWEAA32Ob.jpg'><img loading=\"lazy\" decoding=\"async\" width=\"150\" height=\"150\" src=\"https:\/\/finisterre.lasalle.es\/wp-content\/uploads\/2017\/06\/CqocDUmWEAA32Ob-150x150.jpg\" class=\"attachment-thumbnail size-thumbnail\" alt=\"\" srcset=\"https:\/\/finisterre.lasalle.es\/wp-content\/uploads\/2017\/06\/CqocDUmWEAA32Ob-150x150.jpg 150w, https:\/\/finisterre.lasalle.es\/wp-content\/uploads\/2017\/06\/CqocDUmWEAA32Ob-100x100.jpg 100w\" sizes=\"auto, 100vw\" \/><\/a>\n\t\t\t<\/div><\/figure>\n\t\t<\/div>\n\n<h4>Localizaci\u00f3n<\/h4>\n<p><iframe loading=\"lazy\" style=\"border: 0;\" src=\"https:\/\/www.google.com\/maps\/embed?pb=!1m18!1m12!1m3!1d2921.4706465357845!2d-8.167958685163642!3d42.926203907153514!2m3!1f0!2f0!3f0!3m2!1i1024!2i768!4f13.1!3m3!1m2!1s0xd2e4a59eee1820d%3A0xb959ce1b58fa259d!2zUsO6YSBkbyBDYXJtZSwgMjksIDE1ODEwIEFyesO6YSwgQSBDb3J1w7Fh!5e0!3m2!1ses!2ses!4v1498460187433\" width=\"600\" height=\"450\" frameborder=\"0\" allowfullscreen=\"allowfullscreen\"><\/iframe><\/p>\n","protected":false},"excerpt":{"rendered":"<p>Nombre: Acogida cristiana en el Camino Lugar: Arz\u00faa (A Coru\u00f1a). 6 participantes y 1 animador\/a Objetivo: Proyecto de evangelizaci\u00f3n: acogida a los peregrinos del Camino de Santiago: atenci\u00f3n humana y cristiana.Presencia a primera hora de la ma\u00f1ana en el camino de Santiago con un puesto de acogida y acompa\u00f1amiento de los peregrinos. Por la tarde &hellip; <\/p>\n<p class=\"link-more\"><a href=\"https:\/\/finisterre.lasalle.es\/?page_id=124\" class=\"more-link\">Continuar leyendo<span class=\"screen-reader-text\"> \u00abAcogida en el Camino (Arz\u00faa)\u00bb<\/span><\/a><\/p>\n","protected":false},"author":2,"featured_media":214,"parent":91,"menu_order":0,"comment_status":"closed","ping_status":"closed","template":"","meta":{"footnotes":""},"class_list":["post-124","page","type-page","status-publish","has-post-thumbnail","hentry"],"_links":{"self":[{"href":"https:\/\/finisterre.lasalle.es\/index.php?rest_route=\/wp\/v2\/pages\/124","targetHints":{"allow":["GET"]}}],"collection":[{"href":"https:\/\/finisterre.lasalle.es\/index.php?rest_route=\/wp\/v2\/pages"}],"about":[{"href":"https:\/\/finisterre.lasalle.es\/index.php?rest_route=\/wp\/v2\/types\/page"}],"author":[{"embeddable":true,"href":"https:\/\/finisterre.lasalle.es\/index.php?rest_route=\/wp\/v2\/users\/2"}],"replies":[{"embeddable":true,"href":"https:\/\/finisterre.lasalle.es\/index.php?rest_route=%2Fwp%2Fv2%2Fcomments&post=124"}],"version-history":[{"count":15,"href":"https:\/\/finisterre.lasalle.es\/index.php?rest_route=\/wp\/v2\/pages\/124\/revisions"}],"predecessor-version":[{"id":1312,"href":"https:\/\/finisterre.lasalle.es\/index.php?rest_route=\/wp\/v2\/pages\/124\/revisions\/1312"}],"up":[{"embeddable":true,"href":"https:\/\/finisterre.lasalle.es\/index.php?rest_route=\/wp\/v2\/pages\/91"}],"wp:featuredmedia":[{"embeddable":true,"href":"https:\/\/finisterre.lasalle.es\/index.php?rest_route=\/wp\/v2\/media\/214"}],"wp:attachment":[{"href":"https:\/\/finisterre.lasalle.es\/index.php?rest_route=%2Fwp%2Fv2%2Fmedia&parent=124"}],"curies":[{"name":"wp","href":"https:\/\/api.w.org\/{rel}","templated":true}]}}