{"id":1268,"date":"2023-05-16T08:50:05","date_gmt":"2023-05-16T08:50:05","guid":{"rendered":"https:\/\/finisterre.lasalle.es\/?page_id=1268"},"modified":"2025-05-03T20:55:42","modified_gmt":"2025-05-03T20:55:42","slug":"casa-de-acogida-caritas-san-cibran-vilagarcia-de-arousa","status":"publish","type":"page","link":"https:\/\/finisterre.lasalle.es\/?page_id=1268","title":{"rendered":"Casa de Acogida C\u00e1ritas &#8211; San Cibr\u00e1n. Vilagarc\u00eda de Arousa"},"content":{"rendered":"<table>\n<tbody>\n<tr>\n<td>Nombre:<\/td>\n<td>Casa de Acogida\/Acollida<\/td>\n<\/tr>\n<tr>\n<td>Lugar:<\/td>\n<td>San Cibr\u00e1n. Vilagarc\u00eda de Arousa. Pontevedra.<\/td>\n<\/tr>\n<tr>\n<td>Objetivo:<\/td>\n<td>\n\nColaborar con la labor asistencial de C\u00e1ritas en Vilagarc\u00eda.Residencia en casa de acogida con personas sin hogar.\n\nTrabajo en el comedor social y cocina. Talleres por las tardes. Comedor sobre ruedas.\n\nReparto a domicilio\n\nTrabajo en la recepci\u00f3n, almac\u00e9n, ropero y jard\u00edn.<\/td>\n<\/tr>\n<tr>\n<td>Organizan:<\/td>\n<td>C\u00e1ritas Vilagarc\u00eda<\/td>\n<\/tr>\n<tr>\n<td>Pueden participar:<\/td>\n<td><strong>6-8 chicos\/as + 1 animador\/a<\/strong><\/td>\n<\/tr>\n<tr>\n<td>M\u00e1s informaci\u00f3n:<\/td>\n<td><a href=\"https:\/\/www.farodevigo.es\/arousa\/2018\/01\/22\/caritas-atendio-casa-san-cibran-16100146.html\">https:\/\/www.farodevigo.es\/arousa\/2018\/01\/22\/caritas-atendio-casa-san-cibran-16100146.htmlhttps:\/\/www.upmilladoiro.org\/<\/a><\/td>\n<\/tr>\n<\/tbody>\n<\/table>\n<h4>Galer\u00eda de im\u00e1genes<\/h4>\n<div id='gallery-1' class='gallery galleryid-1268 gallery-columns-3 gallery-size-thumbnail'><figure class='gallery-item'>\n\t\t\t<div class='gallery-icon landscape'>\n\t\t\t\t<a href='https:\/\/finisterre.lasalle.es\/wp-content\/uploads\/2023\/05\/caritas-casa-de-acollida_img192610t0.jpg'><img loading=\"lazy\" decoding=\"async\" width=\"150\" height=\"150\" src=\"https:\/\/finisterre.lasalle.es\/wp-content\/uploads\/2023\/05\/caritas-casa-de-acollida_img192610t0-150x150.jpg\" class=\"attachment-thumbnail size-thumbnail\" alt=\"\" srcset=\"https:\/\/finisterre.lasalle.es\/wp-content\/uploads\/2023\/05\/caritas-casa-de-acollida_img192610t0-150x150.jpg 150w, https:\/\/finisterre.lasalle.es\/wp-content\/uploads\/2023\/05\/caritas-casa-de-acollida_img192610t0-100x100.jpg 100w\" sizes=\"auto, 100vw\" \/><\/a>\n\t\t\t<\/div><\/figure><figure class='gallery-item'>\n\t\t\t<div class='gallery-icon landscape'>\n\t\t\t\t<a href='https:\/\/finisterre.lasalle.es\/wp-content\/uploads\/2023\/05\/centro-de-dia-de-caritas-comedor-social_img192273t0.jpg'><img loading=\"lazy\" decoding=\"async\" width=\"150\" height=\"150\" src=\"https:\/\/finisterre.lasalle.es\/wp-content\/uploads\/2023\/05\/centro-de-dia-de-caritas-comedor-social_img192273t0-150x150.jpg\" class=\"attachment-thumbnail size-thumbnail\" alt=\"\" srcset=\"https:\/\/finisterre.lasalle.es\/wp-content\/uploads\/2023\/05\/centro-de-dia-de-caritas-comedor-social_img192273t0-150x150.jpg 150w, https:\/\/finisterre.lasalle.es\/wp-content\/uploads\/2023\/05\/centro-de-dia-de-caritas-comedor-social_img192273t0-100x100.jpg 100w\" sizes=\"auto, 100vw\" \/><\/a>\n\t\t\t<\/div><\/figure><figure class='gallery-item'>\n\t\t\t<div class='gallery-icon landscape'>\n\t\t\t\t<a href='https:\/\/finisterre.lasalle.es\/wp-content\/uploads\/2023\/05\/revista_eSmas_Vilagarcia1.jpg'><img loading=\"lazy\" decoding=\"async\" width=\"150\" height=\"150\" src=\"https:\/\/finisterre.lasalle.es\/wp-content\/uploads\/2023\/05\/revista_eSmas_Vilagarcia1-150x150.jpg\" class=\"attachment-thumbnail size-thumbnail\" alt=\"\" srcset=\"https:\/\/finisterre.lasalle.es\/wp-content\/uploads\/2023\/05\/revista_eSmas_Vilagarcia1-150x150.jpg 150w, https:\/\/finisterre.lasalle.es\/wp-content\/uploads\/2023\/05\/revista_eSmas_Vilagarcia1-100x100.jpg 100w\" sizes=\"auto, 100vw\" \/><\/a>\n\t\t\t<\/div><\/figure>\n\t\t<\/div>\n\n<h4>Localizaci\u00f3n<\/h4>\n<iframe loading=\"lazy\" style=\"border: 0;\" src=\"https:\/\/www.google.com\/maps\/embed?pb=!1m18!1m12!1m3!1d1437915.6654208796!2d-8.077160358334767!3d42.135855447453494!2m3!1f0!2f0!3f0!3m2!1i1024!2i768!4f13.1!3m3!1m2!1s0xd2f1437b13ecea9%3A0x8342e2e73d76abdc!2sR%C3%BAa%20San%20Cibr%C3%A1n%2C%207%2C%2036611%20Vilagarc%C3%ADa%20de%20Arousa%2C%20Pontevedra!5e1!3m2!1ses!2ses!4v1684227594445!5m2!1ses!2ses\" width=\"400\" height=\"300\" allowfullscreen=\"allowfullscreen\"><\/iframe><!-- \/wp:post-content -->","protected":false},"excerpt":{"rendered":"<p>Nombre: Casa de Acogida\/Acollida Lugar: San Cibr\u00e1n. Vilagarc\u00eda de Arousa. Pontevedra. Objetivo: Colaborar con la labor asistencial de C\u00e1ritas en Vilagarc\u00eda.Residencia en casa de acogida con personas sin hogar. Trabajo en el comedor social y cocina. Talleres por las tardes. Comedor sobre ruedas. Reparto a domicilio Trabajo en la recepci\u00f3n, almac\u00e9n, ropero y jard\u00edn. Organizan: &hellip; <\/p>\n<p class=\"link-more\"><a href=\"https:\/\/finisterre.lasalle.es\/?page_id=1268\" class=\"more-link\">Continuar leyendo<span class=\"screen-reader-text\"> \u00abCasa de Acogida C\u00e1ritas &#8211; San Cibr\u00e1n. Vilagarc\u00eda de Arousa\u00bb<\/span><\/a><\/p>\n","protected":false},"author":7,"featured_media":0,"parent":0,"menu_order":0,"comment_status":"closed","ping_status":"closed","template":"","meta":{"footnotes":""},"class_list":["post-1268","page","type-page","status-publish","hentry"],"_links":{"self":[{"href":"https:\/\/finisterre.lasalle.es\/index.php?rest_route=\/wp\/v2\/pages\/1268","targetHints":{"allow":["GET"]}}],"collection":[{"href":"https:\/\/finisterre.lasalle.es\/index.php?rest_route=\/wp\/v2\/pages"}],"about":[{"href":"https:\/\/finisterre.lasalle.es\/index.php?rest_route=\/wp\/v2\/types\/page"}],"author":[{"embeddable":true,"href":"https:\/\/finisterre.lasalle.es\/index.php?rest_route=\/wp\/v2\/users\/7"}],"replies":[{"embeddable":true,"href":"https:\/\/finisterre.lasalle.es\/index.php?rest_route=%2Fwp%2Fv2%2Fcomments&post=1268"}],"version-history":[{"count":9,"href":"https:\/\/finisterre.lasalle.es\/index.php?rest_route=\/wp\/v2\/pages\/1268\/revisions"}],"predecessor-version":[{"id":1372,"href":"https:\/\/finisterre.lasalle.es\/index.php?rest_route=\/wp\/v2\/pages\/1268\/revisions\/1372"}],"wp:attachment":[{"href":"https:\/\/finisterre.lasalle.es\/index.php?rest_route=%2Fwp%2Fv2%2Fmedia&parent=1268"}],"curies":[{"name":"wp","href":"https:\/\/api.w.org\/{rel}","templated":true}]}}