{"id":128,"date":"2017-06-25T22:13:25","date_gmt":"2017-06-25T22:13:25","guid":{"rendered":"http:\/\/finisterre.lasalle.es\/?page_id=128"},"modified":"2024-05-01T16:29:09","modified_gmt":"2024-05-01T16:29:09","slug":"hospital-de-san-pablo-y-san-lazaro-mondonedo","status":"publish","type":"page","link":"https:\/\/finisterre.lasalle.es\/?page_id=128","title":{"rendered":"Hospital de San Pablo y San L\u00e1zaro (Mondo\u00f1edo)"},"content":{"rendered":"<table style=\"height: 236px;\" width=\"674\">\n<tbody>\n<tr style=\"height: 20px;\">\n<td style=\"height: 20px;\">Nombre:<\/td>\n<td style=\"height: 20px;\"><strong>Hospital de San Pablo y San L\u00e1zaro<\/strong><\/td>\n<\/tr>\n<tr style=\"height: 20px;\">\n<td style=\"height: 20px;\">Lugar:<\/td>\n<td style=\"height: 20px;\">Mondo\u00f1edo (Lugo). 6 participantes + 1 animador\/a<\/td>\n<\/tr>\n<tr style=\"height: 41px;\">\n<td style=\"height: 41px;\">Objetivo:<\/td>\n<td style=\"height: 41px;\">\n<p><em>Hogar de atenci\u00f3n integral a personas con discapacidad f\u00edsica y ps\u00edquica.<\/em><\/p>\n<p>Trabajo con personas con discapacidad cognitiva.<\/p>\n<p>Paseo, visita a la playa, actividades diarias con los residentes de la casa.<\/td>\n<\/tr>\n<tr style=\"height: 20px;\">\n<td style=\"height: 20px;\">Organizan:<\/td>\n<td style=\"height: 20px;\">Hijas de la Caridad.<\/td>\n<\/tr>\n<tr style=\"height: 62px;\">\n<td style=\"height: 62px;\">M\u00e1s informaci\u00f3n:<\/td>\n<td style=\"height: 62px;\"><a href=\"https:\/\/www.xunta.gal\/hemeroteca\/-\/nova\/066419\/xunta-apoya-labor-realizada-centro-asistencial-san-pablo-san-lazaro-pro-las-personas?langId=es_ES\" target=\"_blank\" rel=\"noopener\">https:\/\/www.xunta.gal\/hemeroteca\/-\/nova\/066419\/xunta-apoya-labor-realizada-centro-asistencial-san-pablo-san-lazaro-pro-las-personas?langId=es_ES<\/a><\/td>\n<\/tr>\n<\/tbody>\n<\/table>\n<h4>Galer\u00eda de im\u00e1genes<\/h4>\n<div id='gallery-1' class='gallery galleryid-128 gallery-columns-3 gallery-size-thumbnail'><figure class='gallery-item'>\n\t\t\t<div class='gallery-icon landscape'>\n\t\t\t\t<a href='https:\/\/finisterre.lasalle.es\/wp-content\/uploads\/2017\/06\/IMG_4060.jpg'><img loading=\"lazy\" decoding=\"async\" width=\"150\" height=\"150\" src=\"https:\/\/finisterre.lasalle.es\/wp-content\/uploads\/2017\/06\/IMG_4060-150x150.jpg\" class=\"attachment-thumbnail size-thumbnail\" alt=\"\" srcset=\"https:\/\/finisterre.lasalle.es\/wp-content\/uploads\/2017\/06\/IMG_4060-150x150.jpg 150w, https:\/\/finisterre.lasalle.es\/wp-content\/uploads\/2017\/06\/IMG_4060-100x100.jpg 100w\" sizes=\"auto, 100vw\" \/><\/a>\n\t\t\t<\/div><\/figure><figure class='gallery-item'>\n\t\t\t<div class='gallery-icon portrait'>\n\t\t\t\t<a href='https:\/\/finisterre.lasalle.es\/wp-content\/uploads\/2017\/06\/IMG_4050-e1498463578825.jpg'><img loading=\"lazy\" decoding=\"async\" width=\"150\" height=\"150\" src=\"https:\/\/finisterre.lasalle.es\/wp-content\/uploads\/2017\/06\/IMG_4050-e1498463578825-150x150.jpg\" class=\"attachment-thumbnail size-thumbnail\" alt=\"\" srcset=\"https:\/\/finisterre.lasalle.es\/wp-content\/uploads\/2017\/06\/IMG_4050-e1498463578825-150x150.jpg 150w, https:\/\/finisterre.lasalle.es\/wp-content\/uploads\/2017\/06\/IMG_4050-e1498463578825-100x100.jpg 100w\" sizes=\"auto, 100vw\" \/><\/a>\n\t\t\t<\/div><\/figure><figure class='gallery-item'>\n\t\t\t<div class='gallery-icon landscape'>\n\t\t\t\t<a href='https:\/\/finisterre.lasalle.es\/wp-content\/uploads\/2017\/06\/IMG_4046.jpg'><img loading=\"lazy\" decoding=\"async\" width=\"150\" height=\"150\" src=\"https:\/\/finisterre.lasalle.es\/wp-content\/uploads\/2017\/06\/IMG_4046-150x150.jpg\" class=\"attachment-thumbnail size-thumbnail\" alt=\"\" srcset=\"https:\/\/finisterre.lasalle.es\/wp-content\/uploads\/2017\/06\/IMG_4046-150x150.jpg 150w, https:\/\/finisterre.lasalle.es\/wp-content\/uploads\/2017\/06\/IMG_4046-100x100.jpg 100w\" sizes=\"auto, 100vw\" \/><\/a>\n\t\t\t<\/div><\/figure><figure class='gallery-item'>\n\t\t\t<div class='gallery-icon landscape'>\n\t\t\t\t<a href='https:\/\/finisterre.lasalle.es\/wp-content\/uploads\/2017\/06\/IMG_4056.jpg'><img loading=\"lazy\" decoding=\"async\" width=\"150\" height=\"150\" src=\"https:\/\/finisterre.lasalle.es\/wp-content\/uploads\/2017\/06\/IMG_4056-150x150.jpg\" class=\"attachment-thumbnail size-thumbnail\" alt=\"\" srcset=\"https:\/\/finisterre.lasalle.es\/wp-content\/uploads\/2017\/06\/IMG_4056-150x150.jpg 150w, https:\/\/finisterre.lasalle.es\/wp-content\/uploads\/2017\/06\/IMG_4056-100x100.jpg 100w\" sizes=\"auto, 100vw\" \/><\/a>\n\t\t\t<\/div><\/figure><figure class='gallery-item'>\n\t\t\t<div class='gallery-icon landscape'>\n\t\t\t\t<a href='https:\/\/finisterre.lasalle.es\/wp-content\/uploads\/2017\/06\/IMG_4054.jpg'><img loading=\"lazy\" decoding=\"async\" width=\"150\" height=\"150\" src=\"https:\/\/finisterre.lasalle.es\/wp-content\/uploads\/2017\/06\/IMG_4054-150x150.jpg\" class=\"attachment-thumbnail size-thumbnail\" alt=\"\" srcset=\"https:\/\/finisterre.lasalle.es\/wp-content\/uploads\/2017\/06\/IMG_4054-150x150.jpg 150w, https:\/\/finisterre.lasalle.es\/wp-content\/uploads\/2017\/06\/IMG_4054-100x100.jpg 100w\" sizes=\"auto, 100vw\" \/><\/a>\n\t\t\t<\/div><\/figure><figure class='gallery-item'>\n\t\t\t<div class='gallery-icon landscape'>\n\t\t\t\t<a href='https:\/\/finisterre.lasalle.es\/wp-content\/uploads\/2017\/06\/IMG_4041-1.jpg'><img loading=\"lazy\" decoding=\"async\" width=\"150\" height=\"150\" src=\"https:\/\/finisterre.lasalle.es\/wp-content\/uploads\/2017\/06\/IMG_4041-1-150x150.jpg\" class=\"attachment-thumbnail size-thumbnail\" alt=\"\" srcset=\"https:\/\/finisterre.lasalle.es\/wp-content\/uploads\/2017\/06\/IMG_4041-1-150x150.jpg 150w, https:\/\/finisterre.lasalle.es\/wp-content\/uploads\/2017\/06\/IMG_4041-1-100x100.jpg 100w\" sizes=\"auto, 100vw\" \/><\/a>\n\t\t\t<\/div><\/figure>\n\t\t<\/div>\n\n<h4>Localizaci\u00f3n<\/h4>\n<p><iframe loading=\"lazy\" style=\"border: 0;\" src=\"https:\/\/www.google.com\/maps\/embed?pb=!1m18!1m12!1m3!1d2897.490506057284!2d-7.370445785144709!3d43.42947067488812!2m3!1f0!2f0!3f0!3m2!1i1024!2i768!4f13.1!3m3!1m2!1s0xd318dc8a870e449%3A0xa70e9fa849217f25!2sHospital+de+S.+Pablo!5e0!3m2!1ses!2sus!4v1498463628193\" width=\"600\" height=\"450\" frameborder=\"0\" allowfullscreen=\"allowfullscreen\"><\/iframe><\/p>\n","protected":false},"excerpt":{"rendered":"<p>Nombre: Hospital de San Pablo y San L\u00e1zaro Lugar: Mondo\u00f1edo (Lugo). 6 participantes + 1 animador\/a Objetivo: Hogar de atenci\u00f3n integral a personas con discapacidad f\u00edsica y ps\u00edquica. Trabajo con personas con discapacidad cognitiva. Paseo, visita a la playa, actividades diarias con los residentes de la casa. Organizan: Hijas de la Caridad. M\u00e1s informaci\u00f3n: https:\/\/www.xunta.gal\/hemeroteca\/-\/nova\/066419\/xunta-apoya-labor-realizada-centro-asistencial-san-pablo-san-lazaro-pro-las-personas?langId=es_ES &hellip; <\/p>\n<p class=\"link-more\"><a href=\"https:\/\/finisterre.lasalle.es\/?page_id=128\" class=\"more-link\">Continuar leyendo<span class=\"screen-reader-text\"> \u00abHospital de San Pablo y San L\u00e1zaro (Mondo\u00f1edo)\u00bb<\/span><\/a><\/p>\n","protected":false},"author":7,"featured_media":231,"parent":91,"menu_order":0,"comment_status":"closed","ping_status":"closed","template":"","meta":{"footnotes":""},"class_list":["post-128","page","type-page","status-publish","has-post-thumbnail","hentry"],"_links":{"self":[{"href":"https:\/\/finisterre.lasalle.es\/index.php?rest_route=\/wp\/v2\/pages\/128","targetHints":{"allow":["GET"]}}],"collection":[{"href":"https:\/\/finisterre.lasalle.es\/index.php?rest_route=\/wp\/v2\/pages"}],"about":[{"href":"https:\/\/finisterre.lasalle.es\/index.php?rest_route=\/wp\/v2\/types\/page"}],"author":[{"embeddable":true,"href":"https:\/\/finisterre.lasalle.es\/index.php?rest_route=\/wp\/v2\/users\/7"}],"replies":[{"embeddable":true,"href":"https:\/\/finisterre.lasalle.es\/index.php?rest_route=%2Fwp%2Fv2%2Fcomments&post=128"}],"version-history":[{"count":7,"href":"https:\/\/finisterre.lasalle.es\/index.php?rest_route=\/wp\/v2\/pages\/128\/revisions"}],"predecessor-version":[{"id":1320,"href":"https:\/\/finisterre.lasalle.es\/index.php?rest_route=\/wp\/v2\/pages\/128\/revisions\/1320"}],"up":[{"embeddable":true,"href":"https:\/\/finisterre.lasalle.es\/index.php?rest_route=\/wp\/v2\/pages\/91"}],"wp:featuredmedia":[{"embeddable":true,"href":"https:\/\/finisterre.lasalle.es\/index.php?rest_route=\/wp\/v2\/media\/231"}],"wp:attachment":[{"href":"https:\/\/finisterre.lasalle.es\/index.php?rest_route=%2Fwp%2Fv2%2Fmedia&parent=128"}],"curies":[{"name":"wp","href":"https:\/\/api.w.org\/{rel}","templated":true}]}}