{"id":1324,"date":"2024-05-01T16:51:57","date_gmt":"2024-05-01T16:51:57","guid":{"rendered":"https:\/\/finisterre.lasalle.es\/?page_id=1324"},"modified":"2024-05-01T18:06:26","modified_gmt":"2024-05-01T18:06:26","slug":"centro-ciudad-de-los-muchachos-agarimo-arteixo-a-coruna","status":"publish","type":"page","link":"https:\/\/finisterre.lasalle.es\/?page_id=1324","title":{"rendered":"Centro Ciudad de los Muchachos Agarimo. Arteixo (A Coru\u00f1a)"},"content":{"rendered":"<p><img decoding=\"async\" src=\"https:\/\/galicia.amigonianos.org\/wp-content\/uploads\/cabecera.jpg\" \/><\/p>\n<table>\n<tbody>\n<tr>\n<td style=\"width: 116px;\">Nombre:<\/td>\n<td style=\"width: 557px;\">Centro Ciudad de los Muchachos Agarimo.<\/td>\n<\/tr>\n<tr>\n<td style=\"width: 116px;\">Lugar:<\/td>\n<td style=\"width: 557px;\">Arteixo (A Coru\u00f1a).<\/td>\n<\/tr>\n<tr>\n<td style=\"width: 116px;\">Objetivo:<\/td>\n<td style=\"width: 557px;\">\n<p><i>Compartir la vida diaria con los menores residentes en la ciudad de los muchachos, en el centro de d\u00eda y en los campamentos.\u00a0<\/i><i>Participaci\u00f3n en Campamento urbano, actividades en el propio hogar y con otros proyectos de Amigonianos con menores en Coru\u00f1a.<\/i><\/p>\n<p>Preparaci\u00f3n de alguna din\u00e1mica o velada.<\/td>\n<\/tr>\n<tr>\n<td style=\"width: 116px;\">Organizan:<\/td>\n<td style=\"width: 557px;\">Amigonianos.<\/td>\n<\/tr>\n<tr>\n<td style=\"width: 116px;\">Pueden participar:<\/td>\n<td style=\"width: 557px;\"><strong>7 chicos\/as + 1-2 animadores<\/strong><\/td>\n<\/tr>\n<tr>\n<td style=\"width: 116px;\">M\u00e1s informaci\u00f3n:<\/td>\n<td style=\"width: 557px;\"><a href=\"https:\/\/galicia.amigonianos.org\/centro-ciudad-de-los-muchachos-agarimo\/\" target=\"_blank\" rel=\"noopener\">https:\/\/galicia.amigonianos.org\/centro-ciudad-de-los-muchachos-agarimo\/<\/a><\/td>\n<\/tr>\n<\/tbody>\n<\/table>\n<h4>Galer\u00eda de im\u00e1genes<\/h4>\n<div id='gallery-1' class='gallery galleryid-1324 gallery-columns-3 gallery-size-thumbnail'><figure class='gallery-item'>\n\t\t\t<div class='gallery-icon landscape'>\n\t\t\t\t<a href='https:\/\/finisterre.lasalle.es\/wp-content\/uploads\/2024\/05\/IMG_20210405_121036592_HDR.jpg'><img loading=\"lazy\" decoding=\"async\" width=\"150\" height=\"150\" src=\"https:\/\/finisterre.lasalle.es\/wp-content\/uploads\/2024\/05\/IMG_20210405_121036592_HDR-150x150.jpg\" class=\"attachment-thumbnail size-thumbnail\" alt=\"\" srcset=\"https:\/\/finisterre.lasalle.es\/wp-content\/uploads\/2024\/05\/IMG_20210405_121036592_HDR-150x150.jpg 150w, https:\/\/finisterre.lasalle.es\/wp-content\/uploads\/2024\/05\/IMG_20210405_121036592_HDR-100x100.jpg 100w\" sizes=\"auto, 100vw\" \/><\/a>\n\t\t\t<\/div><\/figure><figure class='gallery-item'>\n\t\t\t<div class='gallery-icon landscape'>\n\t\t\t\t<a href='https:\/\/finisterre.lasalle.es\/wp-content\/uploads\/2024\/05\/foto_grupo_agarimo.jpg'><img loading=\"lazy\" decoding=\"async\" width=\"150\" height=\"150\" src=\"https:\/\/finisterre.lasalle.es\/wp-content\/uploads\/2024\/05\/foto_grupo_agarimo-150x150.jpg\" class=\"attachment-thumbnail size-thumbnail\" alt=\"\" srcset=\"https:\/\/finisterre.lasalle.es\/wp-content\/uploads\/2024\/05\/foto_grupo_agarimo-150x150.jpg 150w, https:\/\/finisterre.lasalle.es\/wp-content\/uploads\/2024\/05\/foto_grupo_agarimo-100x100.jpg 100w\" sizes=\"auto, 100vw\" \/><\/a>\n\t\t\t<\/div><\/figure><figure class='gallery-item'>\n\t\t\t<div class='gallery-icon landscape'>\n\t\t\t\t<a href='https:\/\/finisterre.lasalle.es\/wp-content\/uploads\/2024\/05\/12-arteixo-1920-1080.jpg'><img loading=\"lazy\" decoding=\"async\" width=\"150\" height=\"150\" src=\"https:\/\/finisterre.lasalle.es\/wp-content\/uploads\/2024\/05\/12-arteixo-1920-1080-150x150.jpg\" class=\"attachment-thumbnail size-thumbnail\" alt=\"\" srcset=\"https:\/\/finisterre.lasalle.es\/wp-content\/uploads\/2024\/05\/12-arteixo-1920-1080-150x150.jpg 150w, https:\/\/finisterre.lasalle.es\/wp-content\/uploads\/2024\/05\/12-arteixo-1920-1080-100x100.jpg 100w\" sizes=\"auto, 100vw\" \/><\/a>\n\t\t\t<\/div><\/figure>\n\t\t<\/div>\n\n<h4>Localizaci\u00f3n<\/h4>\n<p><iframe loading=\"lazy\" style=\"border: 0;\" src=\"https:\/\/www.google.com\/maps\/embed?pb=!1m18!1m12!1m3!1d1451.5914983762227!2d-8.487823559431222!3d43.31042849787082!2m3!1f0!2f0!3f0!3m2!1i1024!2i768!4f13.1!3m3!1m2!1s0xd2e881c551024e7%3A0xe2caddda49334f11!2zUsO6YSBQYWRyZSBWaWxsYSwgMzAsIDE1MTQyIEFydGVpeG8sIEEgQ29ydcOxYSwgRXNwYcOxYQ!5e0!3m2!1ses!2sus!4v1714582257982!5m2!1ses!2sus\" width=\"400\" height=\"300\" allowfullscreen=\"allowfullscreen\"><\/iframe><\/p>\n","protected":false},"excerpt":{"rendered":"<p>Nombre: Centro Ciudad de los Muchachos Agarimo. Lugar: Arteixo (A Coru\u00f1a). Objetivo: Compartir la vida diaria con los menores residentes en la ciudad de los muchachos, en el centro de d\u00eda y en los campamentos.\u00a0Participaci\u00f3n en Campamento urbano, actividades en el propio hogar y con otros proyectos de Amigonianos con menores en Coru\u00f1a. Preparaci\u00f3n de &hellip; <\/p>\n<p class=\"link-more\"><a href=\"https:\/\/finisterre.lasalle.es\/?page_id=1324\" class=\"more-link\">Continuar leyendo<span class=\"screen-reader-text\"> \u00abCentro Ciudad de los Muchachos Agarimo. Arteixo (A Coru\u00f1a)\u00bb<\/span><\/a><\/p>\n","protected":false},"author":7,"featured_media":1328,"parent":0,"menu_order":0,"comment_status":"closed","ping_status":"closed","template":"","meta":{"footnotes":""},"class_list":["post-1324","page","type-page","status-publish","has-post-thumbnail","hentry"],"_links":{"self":[{"href":"https:\/\/finisterre.lasalle.es\/index.php?rest_route=\/wp\/v2\/pages\/1324","targetHints":{"allow":["GET"]}}],"collection":[{"href":"https:\/\/finisterre.lasalle.es\/index.php?rest_route=\/wp\/v2\/pages"}],"about":[{"href":"https:\/\/finisterre.lasalle.es\/index.php?rest_route=\/wp\/v2\/types\/page"}],"author":[{"embeddable":true,"href":"https:\/\/finisterre.lasalle.es\/index.php?rest_route=\/wp\/v2\/users\/7"}],"replies":[{"embeddable":true,"href":"https:\/\/finisterre.lasalle.es\/index.php?rest_route=%2Fwp%2Fv2%2Fcomments&post=1324"}],"version-history":[{"count":5,"href":"https:\/\/finisterre.lasalle.es\/index.php?rest_route=\/wp\/v2\/pages\/1324\/revisions"}],"predecessor-version":[{"id":1359,"href":"https:\/\/finisterre.lasalle.es\/index.php?rest_route=\/wp\/v2\/pages\/1324\/revisions\/1359"}],"wp:featuredmedia":[{"embeddable":true,"href":"https:\/\/finisterre.lasalle.es\/index.php?rest_route=\/wp\/v2\/media\/1328"}],"wp:attachment":[{"href":"https:\/\/finisterre.lasalle.es\/index.php?rest_route=%2Fwp%2Fv2%2Fmedia&parent=1324"}],"curies":[{"name":"wp","href":"https:\/\/api.w.org\/{rel}","templated":true}]}}