{"id":1358,"date":"2025-05-03T18:30:05","date_gmt":"2025-05-03T18:30:05","guid":{"rendered":"https:\/\/finisterre.lasalle.es\/?page_id=1358"},"modified":"2025-05-03T20:56:40","modified_gmt":"2025-05-03T20:56:40","slug":"centro-fogar-maria-inmaculada-banobre-mino-a-coruna","status":"publish","type":"page","link":"https:\/\/finisterre.lasalle.es\/?page_id=1358","title":{"rendered":"Centro Fogar Mar\u00eda Inmaculada. Ba\u00f1obre. Mi\u00f1o (A Coru\u00f1a)"},"content":{"rendered":"\n<p>&nbsp;<\/p>\n\n\n\n<figure class=\"wp-block-table\"><table class=\"has-fixed-layout\"><tbody><tr><td>Nombre:<\/td><td>Centro Fogar Mar\u00eda Inmaculada <\/td><\/tr><tr><td>Lugar:<\/td><td>Ba\u00f1obre. Mi\u00f1o (A Coru\u00f1a)<\/td><\/tr><tr><td>Objetivo:<\/td><td><br><p><i>Compartir la vida diaria con los menores residentes en el hogar<\/i><\/p> <span style=\"font-size: inherit; font-family: inherit; font-weight: inherit;\">Relaci\u00f3n con la comunidad y participaci\u00f3n en actividades del entorno.<\/span><\/td><\/tr><tr><td>Organizan:<\/td><td>Religiosas de Mar\u00eda Inmaculada<\/td><\/tr><tr><td>Pueden participar:<\/td><td><strong>6 chicos\/as + 1 animador<\/strong><\/td><\/tr><tr><td>M\u00e1s informaci\u00f3n:<\/td><td><a href=\"https:\/\/www.paxinasgalegas.es\/centro-fogar-maria-inmaculada-180130em.html\">https:\/\/www.paxinasgalegas.es\/centro-fogar-maria-inmaculada-180130em.html<\/a><\/td><\/tr><\/tbody><\/table><\/figure>\n\n\n\n<h4 class=\"wp-block-heading\">Galer\u00eda de im\u00e1genes<\/h4>\n\n\n\n<div class=\"wp-block-columns is-layout-flex wp-container-core-columns-is-layout-9d6595d7 wp-block-columns-is-layout-flex\">\n<div class=\"wp-block-column is-layout-flow wp-block-column-is-layout-flow\" style=\"flex-basis:100%\">\n<figure class=\"wp-block-gallery has-nested-images columns-3 is-cropped wp-block-gallery-1 is-layout-flex wp-block-gallery-is-layout-flex\">\n<figure class=\"wp-block-image size-large\"><a href=\"http:\/\/finisterre.lasalle.es\/wp-content\/uploads\/2025\/05\/img-20181123-wa0007177313816490510033.jpg\"><img loading=\"lazy\" decoding=\"async\" width=\"1024\" height=\"818\" data-id=\"1363\" src=\"http:\/\/finisterre.lasalle.es\/wp-content\/uploads\/2025\/05\/img-20181123-wa0007177313816490510033-1024x818.jpg\" alt=\"\" class=\"wp-image-1363\" srcset=\"https:\/\/finisterre.lasalle.es\/wp-content\/uploads\/2025\/05\/img-20181123-wa0007177313816490510033-1024x818.jpg 1024w, https:\/\/finisterre.lasalle.es\/wp-content\/uploads\/2025\/05\/img-20181123-wa0007177313816490510033-300x240.jpg 300w, https:\/\/finisterre.lasalle.es\/wp-content\/uploads\/2025\/05\/img-20181123-wa0007177313816490510033-768x613.jpg 768w, https:\/\/finisterre.lasalle.es\/wp-content\/uploads\/2025\/05\/img-20181123-wa0007177313816490510033-1536x1227.jpg 1536w, https:\/\/finisterre.lasalle.es\/wp-content\/uploads\/2025\/05\/img-20181123-wa0007177313816490510033.jpg 1600w\" sizes=\"auto, (max-width: 767px) 89vw, (max-width: 1000px) 54vw, (max-width: 1071px) 543px, 580px\" \/><\/a><\/figure>\n\n\n\n<figure class=\"wp-block-image size-large\"><a href=\"http:\/\/finisterre.lasalle.es\/wp-content\/uploads\/2025\/05\/familiamanon.jpg\"><img loading=\"lazy\" decoding=\"async\" width=\"1024\" height=\"768\" data-id=\"1364\" src=\"http:\/\/finisterre.lasalle.es\/wp-content\/uploads\/2025\/05\/familiamanon-1024x768.jpg\" alt=\"\" class=\"wp-image-1364\" srcset=\"https:\/\/finisterre.lasalle.es\/wp-content\/uploads\/2025\/05\/familiamanon-1024x768.jpg 1024w, https:\/\/finisterre.lasalle.es\/wp-content\/uploads\/2025\/05\/familiamanon-300x225.jpg 300w, https:\/\/finisterre.lasalle.es\/wp-content\/uploads\/2025\/05\/familiamanon-768x576.jpg 768w, https:\/\/finisterre.lasalle.es\/wp-content\/uploads\/2025\/05\/familiamanon-1536x1152.jpg 1536w, https:\/\/finisterre.lasalle.es\/wp-content\/uploads\/2025\/05\/familiamanon.jpg 2048w\" sizes=\"auto, (max-width: 767px) 89vw, (max-width: 1000px) 54vw, (max-width: 1071px) 543px, 580px\" \/><\/a><\/figure>\n\n\n\n<figure class=\"wp-block-image size-full\"><a href=\"http:\/\/finisterre.lasalle.es\/wp-content\/uploads\/2025\/05\/centro-fogar-maria-inmaculada_img180130t0m0w1424h712.jpg\"><img loading=\"lazy\" decoding=\"async\" width=\"952\" height=\"712\" data-id=\"1366\" src=\"http:\/\/finisterre.lasalle.es\/wp-content\/uploads\/2025\/05\/centro-fogar-maria-inmaculada_img180130t0m0w1424h712.jpg\" alt=\"\" class=\"wp-image-1366\" srcset=\"https:\/\/finisterre.lasalle.es\/wp-content\/uploads\/2025\/05\/centro-fogar-maria-inmaculada_img180130t0m0w1424h712.jpg 952w, https:\/\/finisterre.lasalle.es\/wp-content\/uploads\/2025\/05\/centro-fogar-maria-inmaculada_img180130t0m0w1424h712-300x224.jpg 300w, https:\/\/finisterre.lasalle.es\/wp-content\/uploads\/2025\/05\/centro-fogar-maria-inmaculada_img180130t0m0w1424h712-768x574.jpg 768w\" sizes=\"auto, (max-width: 767px) 89vw, (max-width: 1000px) 54vw, (max-width: 1071px) 543px, 580px\" \/><\/a><\/figure>\n<\/figure>\n<\/div>\n<\/div>\n\n\n\n<h4>Localizaci\u00f3n<\/h4>\n<iframe src=\"https:\/\/www.google.com\/maps\/embed?pb=!1m18!1m12!1m3!1d2900.8775888515815!2d-8.201317388259154!3d43.35867107099714!2m3!1f0!2f0!3f0!3m2!1i1024!2i768!4f13.1!3m3!1m2!1s0xd2e73cf4bcd4b7b%3A0xb796e6297b2a759e!2sCentro%20Fogar%20Maria%20Inmaculada!5e0!3m2!1ses!2ses!4v1746305360908!5m2!1ses!2ses\" width=\"400\" height=\"300\" style=\"border:0;\" allowfullscreen=\"\" loading=\"lazy\" referrerpolicy=\"no-referrer-when-downgrade\"><\/iframe>\n","protected":false},"excerpt":{"rendered":"<p>&nbsp; Nombre: Centro Fogar Mar\u00eda Inmaculada Lugar: Ba\u00f1obre. Mi\u00f1o (A Coru\u00f1a) Objetivo: Compartir la vida diaria con los menores residentes en el hogar Relaci\u00f3n con la comunidad y participaci\u00f3n en actividades del entorno. Organizan: Religiosas de Mar\u00eda Inmaculada Pueden participar: 6 chicos\/as + 1 animador M\u00e1s informaci\u00f3n: https:\/\/www.paxinasgalegas.es\/centro-fogar-maria-inmaculada-180130em.html Galer\u00eda de im\u00e1genes Localizaci\u00f3n<\/p>\n","protected":false},"author":7,"featured_media":1362,"parent":0,"menu_order":0,"comment_status":"closed","ping_status":"closed","template":"","meta":{"footnotes":""},"class_list":["post-1358","page","type-page","status-publish","has-post-thumbnail","hentry"],"_links":{"self":[{"href":"https:\/\/finisterre.lasalle.es\/index.php?rest_route=\/wp\/v2\/pages\/1358","targetHints":{"allow":["GET"]}}],"collection":[{"href":"https:\/\/finisterre.lasalle.es\/index.php?rest_route=\/wp\/v2\/pages"}],"about":[{"href":"https:\/\/finisterre.lasalle.es\/index.php?rest_route=\/wp\/v2\/types\/page"}],"author":[{"embeddable":true,"href":"https:\/\/finisterre.lasalle.es\/index.php?rest_route=\/wp\/v2\/users\/7"}],"replies":[{"embeddable":true,"href":"https:\/\/finisterre.lasalle.es\/index.php?rest_route=%2Fwp%2Fv2%2Fcomments&post=1358"}],"version-history":[{"count":6,"href":"https:\/\/finisterre.lasalle.es\/index.php?rest_route=\/wp\/v2\/pages\/1358\/revisions"}],"predecessor-version":[{"id":1375,"href":"https:\/\/finisterre.lasalle.es\/index.php?rest_route=\/wp\/v2\/pages\/1358\/revisions\/1375"}],"wp:featuredmedia":[{"embeddable":true,"href":"https:\/\/finisterre.lasalle.es\/index.php?rest_route=\/wp\/v2\/media\/1362"}],"wp:attachment":[{"href":"https:\/\/finisterre.lasalle.es\/index.php?rest_route=%2Fwp%2Fv2%2Fmedia&parent=1358"}],"curies":[{"name":"wp","href":"https:\/\/api.w.org\/{rel}","templated":true}]}}