{"id":1404,"date":"2026-04-29T21:12:19","date_gmt":"2026-04-29T21:12:19","guid":{"rendered":"https:\/\/finisterre.lasalle.es\/?page_id=1404"},"modified":"2026-04-29T21:12:19","modified_gmt":"2026-04-29T21:12:19","slug":"10-fundacion-hospitalarias-betanzos-padre-menni","status":"publish","type":"page","link":"https:\/\/finisterre.lasalle.es\/?page_id=1404","title":{"rendered":"10. Fundaci\u00f3n Hospitalarias Betanzos. Padre Menni"},"content":{"rendered":"<p><img decoding=\"async\" src=\"https:\/\/fundacionhospitalariasbetanzos.org\/wp-content\/uploads\/2022\/05\/mision-hospitalaria-744x418.jpeg\" \/><\/p>\n<table>\n<tbody>\n<tr>\n<td style=\"width: 116px;\">Nombre:<\/td>\n<td style=\"width: 557px;\">Fundaci\u00f3n Hospitalarias<\/td>\n<\/tr>\n<tr>\n<td style=\"width: 116px;\">Lugar:<\/td>\n<td style=\"width: 557px;\">Betanzos (A Coru\u00f1a)<\/td>\n<\/tr>\n<tr>\n<td style=\"width: 116px;\">Objetivo:<\/td>\n<td style=\"width: 557px;\"><i>Participar del trabajo y de la vida en una residencia para personas con discapacidad. Participar de las actividades diarias, del tiempo de ocio, de alguna salida y del trabajo en los talleres o en el deporte.<\/i><\/p>\n<p>Ofrecer compa\u00f1\u00eda, hablar y escuchar, dar \u00e1nimo en los momentos bajos. Preparaci\u00f3n de alguna din\u00e1mica o velada.<\/td>\n<\/tr>\n<tr>\n<td style=\"width: 116px;\">Organizan:<\/td>\n<td style=\"width: 557px;\">Hermamas Hospitalarias. Pai Menni<\/td>\n<\/tr>\n<tr>\n<td style=\"width: 116px;\">Pueden participar:<\/td>\n<td style=\"width: 557px;\"><strong>Hasta 6 chicos\/as + 1 animador<\/strong><\/td>\n<\/tr>\n<tr>\n<td style=\"width: 116px;\">M\u00e1s informaci\u00f3n:<\/td>\n<td style=\"width: 557px;\">https:\/\/fundacionhospitalariasbetanzos.org\/<\/td>\n<\/tr>\n<\/tbody>\n<\/table>\n<h4>V\u00eddeo<\/h4>\n<p><iframe loading=\"lazy\" title=\"Video Navidad 2023\" width=\"525\" height=\"295\" src=\"https:\/\/www.youtube.com\/embed\/RCS3hjIBj2M?feature=oembed\" frameborder=\"0\" allow=\"accelerometer; autoplay; clipboard-write; encrypted-media; gyroscope; picture-in-picture; web-share\" referrerpolicy=\"strict-origin-when-cross-origin\" allowfullscreen><\/iframe><\/p>\n<p><iframe loading=\"lazy\" title=\"Inauguraci\u00f3n Centro Especial de Empleo\" width=\"443\" height=\"788\" src=\"https:\/\/www.youtube.com\/embed\/mgK3rfNEWM0?feature=oembed\" frameborder=\"0\" allow=\"accelerometer; autoplay; clipboard-write; encrypted-media; gyroscope; picture-in-picture; web-share\" referrerpolicy=\"strict-origin-when-cross-origin\" allowfullscreen><\/iframe><\/p>\n<h4>Localizaci\u00f3n<\/h4>\n<p><iframe loading=\"lazy\" style=\"border: 0;\" src=\"https:\/\/www.google.com\/maps\/embed?pb=!1m18!1m12!1m3!1d2920.2043878659038!2d-8.216920000000002!3d43.270827999999995!2m3!1f0!2f0!3f0!3m2!1i1024!2i768!4f13.1!3m3!1m2!1s0xd2e6ea8f7678d4f%3A0x9522cdaa9ebe93bd!2sFundaci%C3%B3n%20Hospitalarias%20Betanzos!5e1!3m2!1sen!2ses!4v1777496513147!5m2!1sen!2ses\" width=\"400\" height=\"300\" allowfullscreen=\"allowfullscreen\"><\/iframe><\/p>\n","protected":false},"excerpt":{"rendered":"<p>Nombre: Fundaci\u00f3n Hospitalarias Lugar: Betanzos (A Coru\u00f1a) Objetivo: Participar del trabajo y de la vida en una residencia para personas con discapacidad. Participar de las actividades diarias, del tiempo de ocio, de alguna salida y del trabajo en los talleres o en el deporte. Ofrecer compa\u00f1\u00eda, hablar y escuchar, dar \u00e1nimo en los momentos bajos. &hellip; <\/p>\n<p class=\"link-more\"><a href=\"https:\/\/finisterre.lasalle.es\/?page_id=1404\" class=\"more-link\">Continuar leyendo<span class=\"screen-reader-text\"> \u00ab10. Fundaci\u00f3n Hospitalarias Betanzos. Padre Menni\u00bb<\/span><\/a><\/p>\n","protected":false},"author":7,"featured_media":0,"parent":0,"menu_order":0,"comment_status":"closed","ping_status":"closed","template":"","meta":{"footnotes":""},"class_list":["post-1404","page","type-page","status-publish","hentry"],"_links":{"self":[{"href":"https:\/\/finisterre.lasalle.es\/index.php?rest_route=\/wp\/v2\/pages\/1404","targetHints":{"allow":["GET"]}}],"collection":[{"href":"https:\/\/finisterre.lasalle.es\/index.php?rest_route=\/wp\/v2\/pages"}],"about":[{"href":"https:\/\/finisterre.lasalle.es\/index.php?rest_route=\/wp\/v2\/types\/page"}],"author":[{"embeddable":true,"href":"https:\/\/finisterre.lasalle.es\/index.php?rest_route=\/wp\/v2\/users\/7"}],"replies":[{"embeddable":true,"href":"https:\/\/finisterre.lasalle.es\/index.php?rest_route=%2Fwp%2Fv2%2Fcomments&post=1404"}],"version-history":[{"count":1,"href":"https:\/\/finisterre.lasalle.es\/index.php?rest_route=\/wp\/v2\/pages\/1404\/revisions"}],"predecessor-version":[{"id":1406,"href":"https:\/\/finisterre.lasalle.es\/index.php?rest_route=\/wp\/v2\/pages\/1404\/revisions\/1406"}],"wp:attachment":[{"href":"https:\/\/finisterre.lasalle.es\/index.php?rest_route=%2Fwp%2Fv2%2Fmedia&parent=1404"}],"curies":[{"name":"wp","href":"https:\/\/api.w.org\/{rel}","templated":true}]}}