{"id":41,"date":"2017-06-25T20:02:08","date_gmt":"2017-06-25T20:02:08","guid":{"rendered":"http:\/\/finisterre.lasalle.es\/?page_id=41"},"modified":"2024-05-01T15:55:40","modified_gmt":"2024-05-01T15:55:40","slug":"experiencias","status":"publish","type":"page","link":"https:\/\/finisterre.lasalle.es\/?page_id=41","title":{"rendered":"Experiencias"},"content":{"rendered":"<p>La parte central de <em>Finisterre<\/em> consistir\u00e1 en conocer nuevas realidades de compromiso y voluntariado \u00abal borde del mundo\u00bb, trabajando unos d\u00edas (del 26 al 30 de julio) con ellos y discerniendo, juntos, qu\u00e9 nos pide la realidad.<\/p>\n<p>Cada participante elegir\u00e1 una realidad en la que trabajar y viajar\u00e1 all\u00ed con otros compa\u00f1eros\/as para trabajar como voluntario\/a. Formar\u00e1n grupo y funcionar\u00e1n de forma aut\u00f3noma.<\/p>\n<p>Todos los d\u00edas, adem\u00e1s del trabajo que corresponda, tendremos momentos de oraci\u00f3n, reflexi\u00f3n y reuni\u00f3n como grupo. Compartiremos nuestros descubrimientos <a href=\"http:\/\/finisterre.lasalle.es\/?page_id=11\">a trav\u00e9s de un grupo de Whatsapp<\/a>.<\/p>\n<p style=\"text-align: right;\"><a href=\"http:\/\/finisterre.lasalle.es\/?page_id=784\"><em><strong>Puedes conocer las realidades y elegir en cu\u00e1l ayudar aqu\u00ed.<\/strong><\/em><\/a><\/p>\n","protected":false},"excerpt":{"rendered":"<p>La parte central de Finisterre consistir\u00e1 en conocer nuevas realidades de compromiso y voluntariado \u00abal borde del mundo\u00bb, trabajando unos d\u00edas (del 26 al 30 de julio) con ellos y discerniendo, juntos, qu\u00e9 nos pide la realidad. Cada participante elegir\u00e1 una realidad en la que trabajar y viajar\u00e1 all\u00ed con otros compa\u00f1eros\/as para trabajar como &hellip; <\/p>\n<p class=\"link-more\"><a href=\"https:\/\/finisterre.lasalle.es\/?page_id=41\" class=\"more-link\">Continuar leyendo<span class=\"screen-reader-text\"> \u00abExperiencias\u00bb<\/span><\/a><\/p>\n","protected":false},"author":2,"featured_media":87,"parent":0,"menu_order":0,"comment_status":"closed","ping_status":"closed","template":"","meta":{"footnotes":""},"class_list":["post-41","page","type-page","status-publish","has-post-thumbnail","hentry"],"_links":{"self":[{"href":"https:\/\/finisterre.lasalle.es\/index.php?rest_route=\/wp\/v2\/pages\/41","targetHints":{"allow":["GET"]}}],"collection":[{"href":"https:\/\/finisterre.lasalle.es\/index.php?rest_route=\/wp\/v2\/pages"}],"about":[{"href":"https:\/\/finisterre.lasalle.es\/index.php?rest_route=\/wp\/v2\/types\/page"}],"author":[{"embeddable":true,"href":"https:\/\/finisterre.lasalle.es\/index.php?rest_route=\/wp\/v2\/users\/2"}],"replies":[{"embeddable":true,"href":"https:\/\/finisterre.lasalle.es\/index.php?rest_route=%2Fwp%2Fv2%2Fcomments&post=41"}],"version-history":[{"count":10,"href":"https:\/\/finisterre.lasalle.es\/index.php?rest_route=\/wp\/v2\/pages\/41\/revisions"}],"predecessor-version":[{"id":1298,"href":"https:\/\/finisterre.lasalle.es\/index.php?rest_route=\/wp\/v2\/pages\/41\/revisions\/1298"}],"wp:featuredmedia":[{"embeddable":true,"href":"https:\/\/finisterre.lasalle.es\/index.php?rest_route=\/wp\/v2\/media\/87"}],"wp:attachment":[{"href":"https:\/\/finisterre.lasalle.es\/index.php?rest_route=%2Fwp%2Fv2%2Fmedia&parent=41"}],"curies":[{"name":"wp","href":"https:\/\/api.w.org\/{rel}","templated":true}]}}